
{"id":98,"date":"2025-10-02T07:28:11","date_gmt":"2025-10-02T07:28:11","guid":{"rendered":"https:\/\/spdobrzyjalowo.gminapiatnica.pl\/?page_id=98"},"modified":"2025-10-02T07:28:11","modified_gmt":"2025-10-02T07:28:11","slug":"polityka-ciasteczek","status":"publish","type":"page","link":"https:\/\/spdobrzyjalowo.gminapiatnica.pl\/index.php\/polityka-ciasteczek\/","title":{"rendered":"Polityka ciasteczek"},"content":{"rendered":"\n<h3 class=\"wp-block-heading\">Ciasteczka [Cookies]<\/h3>\n\n\n\n<ol class=\"wp-block-list\">\n<li>Kiedy u\u017cytkownik wchodzi na strony naszych witryn, na dysku jego komputera mog\u0105 by\u0107 zapisywane tzw. ciasteczka (ang. cookies), czyli niewielkie pliki tekstowe wysy\u0142ane przez nasz serwer albo serwisy, do kt\u00f3rych odwo\u0142ujemy si\u0119 w\u00a0naszych witrynach, np. pokazuj\u0105c multimedia.<\/li>\n\n\n\n<li>Ciasteczka i\u00a0podobne technologie u\u017cywane s\u0105 w\u00a0witrynach internetowych przede wszystkim ze wzgl\u0119du na wygod\u0119 u\u017cytkownik\u00f3w, m.in. po to, by jak najlepiej dostosowa\u0107 tre\u015bci i\u00a0funkcje witryny do ich potrzeb i\u00a0oczekiwa\u0144, a\u00a0tak\u017ce w\u00a0celach statystycznych.<\/li>\n\n\n\n<li>Pliki ciasteczek wysy\u0142amy wyj\u0105tkowo. S\u0142u\u017c\u0105 one tworzeniu statystyk, kt\u00f3re pomagaj\u0105 dostosowa\u0107 zawarto\u015b\u0107 stron do oczekiwa\u0144 u\u017cytkownik\u00f3w, zapami\u0119taniu preferowanego wygl\u0105du stron, np. ustawionego rozmiaru czcionki, odnotowaniu faktu g\u0142osowania w\u00a0prowadzonych ankietach albo wykonaniu przez u\u017cytkownika kilkuetapowych czynno\u015bci (np. dodania artyku\u0142u, dokonania zakupu w\u00a0naszym sklepie internetowym).<\/li>\n\n\n\n<li>Opr\u00f3cz ciasteczek wysy\u0142anych z\u00a0naszego serwera za po\u015brednictwem naszych witryn, pliki ciasteczek mog\u0105 by\u0107 wysy\u0142ane tak\u017ce z\u00a0serwer\u00f3w stron, do kt\u00f3rych si\u0119 odwo\u0142ujemy, np. YouTube czy serwis\u00f3w spo\u0142eczno\u015bciowych.<\/li>\n\n\n\n<li>Pliki ciasteczek nie gromadz\u0105 \u017cadnych danych osobowych, w\u00a0tym nazwisk i\u00a0adres\u00f3w e-mail.<\/li>\n\n\n\n<li>Informacji zapisywanych w\u00a0plikach ciasteczek nigdzie nie gromadzimy i\u00a0w\u00a0\u017caden spos\u00f3b nie przetwarzamy.<\/li>\n\n\n\n<li>Ka\u017cdy u\u017cytkownik mo\u017ce zmieni\u0107 ustawienia dotycz\u0105ce ciasteczek w\u00a0u\u017cywanej przez siebie przegl\u0105darce, w\u00a0tym zupe\u0142nie wy\u0142\u0105czy\u0107 mo\u017cliwo\u015b\u0107 ich zapisywania.<\/li>\n\n\n\n<li>Je\u015bli u\u017cytkownik nie wy\u0142\u0105czy mo\u017cliwo\u015bci zapisywania ciasteczek pochodz\u0105cych z\u00a0naszych witryn, oznacza to jego zgod\u0119 na ich zapisywanie i\u00a0przechowywanie w\u00a0jego komputerze.<\/li>\n\n\n\n<li>Je\u017celi u\u017cytkownik zdecyduje si\u0119 na odrzucenie wszystkich ciasteczek, nie b\u0119dzie mo\u017cliwe korzystanie z\u00a0niekt\u00f3rych tre\u015bci i\u00a0us\u0142ug udost\u0119pnianych w\u00a0naszych witrynach, w\u00a0szczeg\u00f3lno\u015bci wymagaj\u0105cych logowania. Wy\u0142\u0105czenie ciasteczek nie powoduje natomiast braku mo\u017cliwo\u015bci przegl\u0105dania stron w\u00a0naszych<\/li>\n<\/ol>\n","protected":false},"excerpt":{"rendered":"<p>Ciasteczka [Cookies]<\/p>\n","protected":false},"author":1,"featured_media":0,"parent":0,"menu_order":0,"comment_status":"closed","ping_status":"closed","template":"","meta":{"footnotes":""},"class_list":["post-98","page","type-page","status-publish","hentry"],"_links":{"self":[{"href":"https:\/\/spdobrzyjalowo.gminapiatnica.pl\/index.php\/wp-json\/wp\/v2\/pages\/98","targetHints":{"allow":["GET"]}}],"collection":[{"href":"https:\/\/spdobrzyjalowo.gminapiatnica.pl\/index.php\/wp-json\/wp\/v2\/pages"}],"about":[{"href":"https:\/\/spdobrzyjalowo.gminapiatnica.pl\/index.php\/wp-json\/wp\/v2\/types\/page"}],"author":[{"embeddable":true,"href":"https:\/\/spdobrzyjalowo.gminapiatnica.pl\/index.php\/wp-json\/wp\/v2\/users\/1"}],"replies":[{"embeddable":true,"href":"https:\/\/spdobrzyjalowo.gminapiatnica.pl\/index.php\/wp-json\/wp\/v2\/comments?post=98"}],"version-history":[{"count":1,"href":"https:\/\/spdobrzyjalowo.gminapiatnica.pl\/index.php\/wp-json\/wp\/v2\/pages\/98\/revisions"}],"predecessor-version":[{"id":99,"href":"https:\/\/spdobrzyjalowo.gminapiatnica.pl\/index.php\/wp-json\/wp\/v2\/pages\/98\/revisions\/99"}],"wp:attachment":[{"href":"https:\/\/spdobrzyjalowo.gminapiatnica.pl\/index.php\/wp-json\/wp\/v2\/media?parent=98"}],"curies":[{"name":"wp","href":"https:\/\/api.w.org\/{rel}","templated":true}]}}